{"id":973,"date":"2020-06-13T22:37:51","date_gmt":"2020-06-13T20:37:51","guid":{"rendered":"http:\/\/tecedeiras.gal\/?page_id=973"},"modified":"2020-06-13T23:01:32","modified_gmt":"2020-06-13T21:01:32","slug":"mas-informacion-sobre-las-cookies","status":"publish","type":"page","link":"https:\/\/tecedeiras.gal\/?page_id=973","title":{"rendered":"M\u00e1is informaci\u00f3n sobre as cookies"},"content":{"rendered":"<h2>Que \u00e9 unha cookie?<\/h2>\n<p>Unha <em>cookie<\/em> \u00e9 un arquivo de texto <b>inofensivo<\/b> que se almacena no teu navegador cando visitas case calquera p\u00e1xina web. A utilidade da <em>cookie<\/em> \u00e9 que a web sexa quen de lembrarse de ti cando volvas navegar por ela. A\u00ednda que moita xente non o sabe, as <em>cookies<\/em> levan utiliz\u00e1ndose m\u00e1is de vinte anos, cando apareceron os primeiros navegadores de internet.<\/p>\n<h2>Qu\u00e9 NON \u00c9 unha cookie?<\/h2>\n<p>Non \u00e9 un virus, nin un troiano, nin un gusano, nin spam, nin software esp\u00eda, nin abre fiestras emerxentes.<\/p>\n<h2>Qu\u00e9 informaci\u00f3n almacena unha <em>cookie<\/em>?<\/h2>\n<p>As <em>cookies<\/em> non adoitan almacenar informaci\u00f3n sensible sobre ti, como n\u00fameros de tarxetas de cr\u00e9dito ou datos bancarios, fotograf\u00edas, o teu DNI ou outra informaci\u00f3n persoal. Os datos que gardan son de car\u00e1cter t\u00e9cnico, como as t\u00faas preferencias persoais de navegaci\u00f3n ou personalizaci\u00f3n de contidos.<br \/>\nO servidor web non asocia esta informaci\u00f3n contigo como persoa sen\u00f3n co teu navegador web. De feito, se utilizas habitualmente un navegador e probas a navegar pola mesma web con outro ver\u00e1s que a web non se decata de que ti es a mesma persoa porque a informaci\u00f3n est\u00e1 asociada co navegador, non coa persoa.<\/p>\n<h2>Qu\u00e9 tipos de <em>cookies<\/em> existen?<\/h2>\n<ul>\n<li><em>Cookies<\/em> t\u00e9cnicas: son as m\u00e1is elementais e permiten, entre outras cousas, saber cando est\u00e1 navegando un humano ou unha aplicaci\u00f3n automatizada, cando navega un usuario an\u00f3nimo e un rexistrado, tarefas b\u00e1sicas para o funcionamento de calquera web din\u00e1mica.<\/li>\n<li><em>Cookies<\/em> de an\u00e1lise: recollen informaci\u00f3n sobre o tipo de navegaci\u00f3n que est\u00e1s realizando, as secci\u00f3ns que m\u00e1is utilizas, os produtos que consultas, a banda horaria de uso, o idioma, etc.<\/li>\n<li><em>Cookies<\/em> publicitarias: amosan publicidade en funci\u00f3n da t\u00faa navegaci\u00f3n, o teu pa\u00eds de procedencia, o teu idioma, etc.<\/li>\n<\/ul>\n<h2>Qu\u00e9 son as <em>cookies<\/em> propias e as de terceiros?<\/h2>\n<p>As <em>cookies propias<\/em> son as xeradas pola p\u00e1xina que est\u00e1s visitando e as <em>de terceiros<\/em> son as xeradas por servizos ou provedores externos como Facebook, Twitter, Google, etc.<\/p>\n<h2>Qu\u00e9 acontece se desactivo as <em>cookies<\/em>?<\/h2>\n<p>Para que entendas o alcance que pode ter desactivar as <em>cookies<\/em> amos\u00e1mosche uns exemplos:<\/p>\n<ul>\n<li>No poder\u00e1s compartir contidos desa web nas t\u00faas redes sociais.<\/li>\n<li>O sitio web non poder\u00e1 adaptar os contidos \u00e1s t\u00faas preferencias persoais, como adoita ocorrer nas tendas online.<\/li>\n<li>Non poder\u00e1s acceder \u00e1 \u00e1rea persoal desa web, como por exemplo <em>a mi\u00f1a conta<\/em>, ou <em>o meu perfil<\/em> ou <em>os meus pedidos<\/em>.<\/li>\n<li>Non che ser\u00e1 pos\u00edbel realizar compras online.<\/li>\n<li>O sitio web non poder\u00e1 adaptarse \u00e1s t\u00faas preferencias xeogr\u00e1ficas como banda horaria, divisa ou idioma.<\/li>\n<li>O sitio web non poder\u00e1 realizar anal\u00edticas sobre visitantes e tr\u00e1fico na web, o que dificultar\u00e1 que a p\u00e1xina sexa competitiva.<\/li>\n<li>Non poder\u00e1s escribir comentarios no blog. Tampouco non poder\u00e1s subir fotos nin valorar ou puntuar contidos. A web tampouco non poder\u00e1 saber se ti es un humano ou unha aplicaci\u00f3n automatizada que publica <em>spam<\/em>.<\/li>\n<li>A web non poder\u00e1 amosarche publicidade sectorizada, o que reducir\u00e1 os ingresos publicitarios da web.<\/li>\n<li>Todas as redes sociais usan <em>cookies<\/em>, se as desactivas non poder\u00e1s utilizar ningunha rede social.<\/li>\n<\/ul>\n<h2>Poden eliminarse as <em>cookies<\/em>?<\/h2>\n<p>Si. E non s\u00f3 iso: tam\u00e9n \u00e9 pos\u00edbel bloquealas de forma xeral ou particular para un dominio espec\u00edfico.<\/p>\n<p>Para eliminar as <em>cookies<\/em> dun sitio web tes que ir \u00e1 configuraci\u00f3n do teu navegador e al\u00ed poder\u00e1 procurar as asociadas ao dominio en cuesti\u00f3n e proceder \u00e1 s\u00faa eliminaci\u00f3n.<\/p>\n<h2 id=\"navegadores\">Configuraci\u00f3n de <em>cookies<\/em> para os navegadores m\u00e1is populares<\/h2>\n<p>A continuaci\u00f3n indic\u00e1mosche como acceder a unha <em>cookie<\/em> determinada en <b>Chrome<\/b>. Nota: estes pasos poden variar en funci\u00f3n da versi\u00f3n do navegador:<\/p>\n<ol>\n<li>Vai a &#8220;Configuraci\u00f3n&#8221; ou &#8220;Preferencias&#8221; mediante o men\u00fa &#8220;Arquivo&#8221; ou ben premendo na icona de personalizaci\u00f3n que aparece arriba \u00e1 dereita.<\/li>\n<li>Ver\u00e1s diferentes secci\u00f3ns, preme na opci\u00f3n &#8220;<em>amosar opci\u00f3ns avanzadas&#8221;<\/em>.<\/li>\n<li>Vai a &#8220;<em>privacidade, configuraci\u00f3n de contido&#8221;<\/em><\/li>\n<p>,<\/p>\n<li>selecciona <em>&#8220;todas as <em>cookies<\/em> e os datos de sitios&#8221;<\/em>.<\/li>\n<li>Aparecer\u00e1 unha listaxe con todas as <em>cookies<\/em> ordenadas por dominio. Para que che sexa m\u00e1is doado atopar as <em>cookies<\/em> dun determinado dominio, introduce parcial ou totalmente o enderezo no campo &#8220;<em>buscar cookies&#8221;<\/em>.<\/li>\n<li>Tras realizar este filtro, aparecer\u00e1n na pantalla unha ou varias li\u00f1as coas <em>cookies<\/em> da web solicitada. Agora s\u00f3 tes que seleccionala e premer na <em>X<\/em> para proceder \u00e1 s\u00faa eliminaci\u00f3n.<\/li>\n<\/ol>\n<p>Para acceder \u00e1 configuraci\u00f3n de <em>cookies<\/em> do navegador para dispositivos <b>Android<\/b> sigue estes pasos (poden variar en funci\u00f3n da versi\u00f3n do navegador):<\/p>\n<ol>\n<li>Abre o navegador, preme a tecla <em>&#8220;men\u00fa&#8221;<\/em> e, a continuaci\u00f3n, <em>&#8220;axustes&#8221;<\/em>.<\/li>\n<li>Vai a <em>&#8220;seguridade e privacidade&#8221;<\/em>. Al\u00ed poder\u00e1s activar ou desactivar a opci\u00f3n <em>&#8220;aceptar cookies&#8221;<\/em>.<\/li>\n<\/ol>\n<p>Para acceder \u00e1 configuraci\u00f3n de <em>cookies<\/em> en dispositivos <b>Windows Phone<\/b> sigue estes pasos (poden variar en funci\u00f3n da versi\u00f3n do navegador):<\/p>\n<ol>\n<li>Abre o navegador e, a continuaci\u00f3n, busca a opci\u00f3n <em>&#8220;m\u00e1is&#8221;<\/em> e <em>&#8220;configuraci\u00f3n&#8221;<\/em><\/li>\n<li>Agora podes activar ou desactivar a opci\u00f3n &#8220;<em>permitir cookies&#8221;<\/em>.<\/li>\n<\/ol>\n<p>Asesor de Cookies \u00e9 un <a href=\"http:\/\/wordpress.org\/plugins\/asesor-cookies-para-la-ley-en-espana\/\" target=\"_blank\" rel=\"noopener noreferrer\">plugin para WordPress<\/a> creado por carlos doral (<a href=\"http:\/\/webartesanal.com\" target=\"_blank\" rel=\"noopener noreferrer\">webartesanal.com<\/a>)<\/p>\n","protected":false},"excerpt":{"rendered":"<p>Que \u00e9 unha cookie? Unha cookie \u00e9 un arquivo de texto inofensivo que se almacena no teu navegador cando visitas case calquera [&hellip;]<\/p>\n","protected":false},"author":5,"featured_media":0,"parent":0,"menu_order":0,"comment_status":"closed","ping_status":"closed","template":"","meta":{"footnotes":""},"class_list":["post-973","page","type-page","status-publish","hentry"],"jetpack_sharing_enabled":true,"_links":{"self":[{"href":"https:\/\/tecedeiras.gal\/index.php?rest_route=\/wp\/v2\/pages\/973","targetHints":{"allow":["GET"]}}],"collection":[{"href":"https:\/\/tecedeiras.gal\/index.php?rest_route=\/wp\/v2\/pages"}],"about":[{"href":"https:\/\/tecedeiras.gal\/index.php?rest_route=\/wp\/v2\/types\/page"}],"author":[{"embeddable":true,"href":"https:\/\/tecedeiras.gal\/index.php?rest_route=\/wp\/v2\/users\/5"}],"replies":[{"embeddable":true,"href":"https:\/\/tecedeiras.gal\/index.php?rest_route=%2Fwp%2Fv2%2Fcomments&post=973"}],"version-history":[{"count":1,"href":"https:\/\/tecedeiras.gal\/index.php?rest_route=\/wp\/v2\/pages\/973\/revisions"}],"predecessor-version":[{"id":976,"href":"https:\/\/tecedeiras.gal\/index.php?rest_route=\/wp\/v2\/pages\/973\/revisions\/976"}],"wp:attachment":[{"href":"https:\/\/tecedeiras.gal\/index.php?rest_route=%2Fwp%2Fv2%2Fmedia&parent=973"}],"curies":[{"name":"wp","href":"https:\/\/api.w.org\/{rel}","templated":true}]}}