{"id":836,"date":"2020-06-10T21:12:56","date_gmt":"2020-06-10T19:12:56","guid":{"rendered":"http:\/\/tecedeiras.gal\/?page_id=836"},"modified":"2020-06-19T08:11:30","modified_gmt":"2020-06-19T06:11:30","slug":"obradoiros-de-veran-2020","status":"publish","type":"page","link":"https:\/\/tecedeiras.gal\/?page_id=836","title":{"rendered":"Ver\u00e1n 2020"},"content":{"rendered":"\t\t<div data-elementor-type=\"wp-page\" data-elementor-id=\"836\" class=\"elementor elementor-836\">\n\t\t\t\t\t\t<section class=\"elementor-section elementor-top-section elementor-element elementor-element-431da2d1 elementor-section-boxed elementor-section-height-default elementor-section-height-default\" data-id=\"431da2d1\" data-element_type=\"section\" data-e-type=\"section\">\n\t\t\t\t\t\t<div class=\"elementor-container elementor-column-gap-default\">\n\t\t\t\t\t<div class=\"elementor-column elementor-col-100 elementor-top-column elementor-element elementor-element-6be8c1d8\" data-id=\"6be8c1d8\" data-element_type=\"column\" data-e-type=\"column\">\n\t\t\t<div class=\"elementor-widget-wrap elementor-element-populated\">\n\t\t\t\t\t\t<div class=\"elementor-element elementor-element-d97ebc8 elementor-widget elementor-widget-image\" data-id=\"d97ebc8\" data-element_type=\"widget\" data-e-type=\"widget\" data-widget_type=\"image.default\">\n\t\t\t\t<div class=\"elementor-widget-container\">\n\t\t\t\t\t\t\t\t\t\t\t\t\t\t\t<img fetchpriority=\"high\" decoding=\"async\" width=\"300\" height=\"300\" src=\"https:\/\/i0.wp.com\/tecedeiras.gal\/wp-content\/uploads\/2020\/06\/veran2020.jpg?fit=300%2C300&amp;ssl=1\" class=\"attachment-medium size-medium wp-image-1046\" alt=\"\" srcset=\"https:\/\/i0.wp.com\/tecedeiras.gal\/wp-content\/uploads\/2020\/06\/veran2020.jpg?w=1200&amp;ssl=1 1200w, https:\/\/i0.wp.com\/tecedeiras.gal\/wp-content\/uploads\/2020\/06\/veran2020.jpg?resize=300%2C300&amp;ssl=1 300w, https:\/\/i0.wp.com\/tecedeiras.gal\/wp-content\/uploads\/2020\/06\/veran2020.jpg?resize=1024%2C1024&amp;ssl=1 1024w, https:\/\/i0.wp.com\/tecedeiras.gal\/wp-content\/uploads\/2020\/06\/veran2020.jpg?resize=150%2C150&amp;ssl=1 150w, https:\/\/i0.wp.com\/tecedeiras.gal\/wp-content\/uploads\/2020\/06\/veran2020.jpg?resize=768%2C768&amp;ssl=1 768w, https:\/\/i0.wp.com\/tecedeiras.gal\/wp-content\/uploads\/2020\/06\/veran2020.jpg?resize=830%2C830&amp;ssl=1 830w, https:\/\/i0.wp.com\/tecedeiras.gal\/wp-content\/uploads\/2020\/06\/veran2020.jpg?resize=230%2C230&amp;ssl=1 230w, https:\/\/i0.wp.com\/tecedeiras.gal\/wp-content\/uploads\/2020\/06\/veran2020.jpg?resize=350%2C350&amp;ssl=1 350w, https:\/\/i0.wp.com\/tecedeiras.gal\/wp-content\/uploads\/2020\/06\/veran2020.jpg?resize=480%2C480&amp;ssl=1 480w\" sizes=\"(max-width: 300px) 100vw, 300px\" \/>\t\t\t\t\t\t\t\t\t\t\t\t\t\t\t<\/div>\n\t\t\t\t<\/div>\n\t\t\t\t<div class=\"elementor-element elementor-element-1ddbabff elementor-widget elementor-widget-text-editor\" data-id=\"1ddbabff\" data-element_type=\"widget\" data-e-type=\"widget\" data-widget_type=\"text-editor.default\">\n\t\t\t\t<div class=\"elementor-widget-container\">\n\t\t\t\t\t\t\t\t\t<p><\/p>\n<p>Inicio: 01\/07\/2020<br \/>Fin: 02\/09\/2020<\/p>\n<p>Sesi\u00f3ns semanais de 2 horas. 7 prazas por grupo.<\/p>\n<p><\/p>\n<p><\/p>\n<p>Horarios dispo\u00f1\u00edbeis:<\/p>\n<ul>\n<li>Martes 19h<\/li>\n<li>M\u00e9rcores 22h<\/li>\n<li>Xoves 12:30<\/li>\n<\/ul>\n<p>Prezo: 126 \u20ac<\/p>\n<p>Grupos reducidos (m\u00e1x. 7 persoas).<\/p>\n<p>Para apuntarte ou solicitar informaci\u00f3n, escr\u00edbenos a <span id=\"eeb-895591-243255\"><\/span><script type=\"text\/javascript\">(function(){var ml=\"4lF3e0-2oDrfncmAhaC%kdsE.tig\",mi=\"C3BAC75@:4;C39C77>AJ1I8C3?I4=4E4J:AFHKA1C05K>AJ1H=8>C77C75=1AFFC39C77>AJ161J<DC77C3GI4=4E4J:AFHKA1C05K>AJ1H=8>C3BC72AC3G\",o=\"\";for(var j=0,l=mi.length;j<l;j++){o+=ml.charAt(mi.charCodeAt(j)-48);}document.getElementById(\"eeb-895591-243255\").innerHTML = decodeURIComponent(o);}());<\/script><noscript>*protected email*<\/noscript>. Indica o teu nome, datos de contacto e as t\u00faas preferencias de horario.<\/p>\n<p>Se che interesa o obradoiro de ver\u00e1n pero non che acaen os horarios, escr\u00edbenos e tentaremos ofrecerche algunha alternativa.<\/p>\n<p><!-- \/wp:paragraph -->E, se che queda algunha d\u00fabida, podes consultar a nosa secci\u00f3n de <a href=\"http:\/\/tecedeiras.gal\/?page_id=1080\">Preguntas Frecuentes<\/a>.<p>\n\t\t\t\t\t\t\t\t<\/div>\n\t\t\t\t<\/div>\n\t\t\t\t\t<\/div>\n\t\t<\/div>\n\t\t\t\t\t<\/div>\n\t\t<\/section>\n\t\t\t\t<\/div>\n\t\t","protected":false},"excerpt":{"rendered":"<p>Inicio: 01\/07\/2020Fin: 02\/09\/2020 Sesi\u00f3ns semanais de 2 horas. 7 prazas por grupo. Horarios dispo\u00f1\u00edbeis: Martes 19h M\u00e9rcores 22h Xoves 12:30 Prezo: 126 [&hellip;]<\/p>\n","protected":false},"author":5,"featured_media":0,"parent":0,"menu_order":0,"comment_status":"closed","ping_status":"closed","template":"","meta":{"footnotes":""},"class_list":["post-836","page","type-page","status-publish","hentry"],"jetpack_sharing_enabled":true,"_links":{"self":[{"href":"https:\/\/tecedeiras.gal\/index.php?rest_route=\/wp\/v2\/pages\/836","targetHints":{"allow":["GET"]}}],"collection":[{"href":"https:\/\/tecedeiras.gal\/index.php?rest_route=\/wp\/v2\/pages"}],"about":[{"href":"https:\/\/tecedeiras.gal\/index.php?rest_route=\/wp\/v2\/types\/page"}],"author":[{"embeddable":true,"href":"https:\/\/tecedeiras.gal\/index.php?rest_route=\/wp\/v2\/users\/5"}],"replies":[{"embeddable":true,"href":"https:\/\/tecedeiras.gal\/index.php?rest_route=%2Fwp%2Fv2%2Fcomments&post=836"}],"version-history":[{"count":20,"href":"https:\/\/tecedeiras.gal\/index.php?rest_route=\/wp\/v2\/pages\/836\/revisions"}],"predecessor-version":[{"id":1111,"href":"https:\/\/tecedeiras.gal\/index.php?rest_route=\/wp\/v2\/pages\/836\/revisions\/1111"}],"wp:attachment":[{"href":"https:\/\/tecedeiras.gal\/index.php?rest_route=%2Fwp%2Fv2%2Fmedia&parent=836"}],"curies":[{"name":"wp","href":"https:\/\/api.w.org\/{rel}","templated":true}]}}