{"id":569,"date":"2019-10-23T10:49:22","date_gmt":"2019-10-23T10:49:22","guid":{"rendered":"http:\/\/demo.athemes.com\/sydney-redesign\/?page_id=2"},"modified":"2022-11-10T16:06:43","modified_gmt":"2022-11-10T14:06:43","slug":"sample-page-2","status":"publish","type":"page","link":"https:\/\/tecedeiras.gal\/?page_id=569","title":{"rendered":"Eduardo Est\u00e9vez"},"content":{"rendered":"\t\t<div data-elementor-type=\"wp-page\" data-elementor-id=\"569\" class=\"elementor elementor-569\">\n\t\t\t\t\t\t<section class=\"elementor-section elementor-top-section elementor-element elementor-element-5ede9fb9 elementor-section-boxed elementor-section-height-default elementor-section-height-default\" data-id=\"5ede9fb9\" data-element_type=\"section\" data-e-type=\"section\">\n\t\t\t\t\t\t<div class=\"elementor-container elementor-column-gap-default\">\n\t\t\t\t\t<div class=\"elementor-column elementor-col-100 elementor-top-column elementor-element elementor-element-589d5a5\" data-id=\"589d5a5\" data-element_type=\"column\" data-e-type=\"column\">\n\t\t\t<div class=\"elementor-widget-wrap elementor-element-populated\">\n\t\t\t\t\t\t<div class=\"elementor-element elementor-element-7ff2bf6 elementor-widget elementor-widget-image\" data-id=\"7ff2bf6\" data-element_type=\"widget\" data-e-type=\"widget\" data-widget_type=\"image.default\">\n\t\t\t\t<div class=\"elementor-widget-container\">\n\t\t\t\t\t\t\t\t\t\t\t\t\t\t\t<img fetchpriority=\"high\" decoding=\"async\" width=\"350\" height=\"350\" src=\"https:\/\/i0.wp.com\/tecedeiras.gal\/wp-content\/uploads\/2020\/06\/eduardo.jpg?fit=350%2C350&amp;ssl=1\" class=\"attachment-large size-large wp-image-783\" alt=\"Eduardo Est\u00e9vez\" srcset=\"https:\/\/i0.wp.com\/tecedeiras.gal\/wp-content\/uploads\/2020\/06\/eduardo.jpg?w=350&amp;ssl=1 350w, https:\/\/i0.wp.com\/tecedeiras.gal\/wp-content\/uploads\/2020\/06\/eduardo.jpg?resize=300%2C300&amp;ssl=1 300w, https:\/\/i0.wp.com\/tecedeiras.gal\/wp-content\/uploads\/2020\/06\/eduardo.jpg?resize=150%2C150&amp;ssl=1 150w, https:\/\/i0.wp.com\/tecedeiras.gal\/wp-content\/uploads\/2020\/06\/eduardo.jpg?resize=230%2C230&amp;ssl=1 230w\" sizes=\"(max-width: 350px) 100vw, 350px\" \/>\t\t\t\t\t\t\t\t\t\t\t\t\t\t\t<\/div>\n\t\t\t\t<\/div>\n\t\t\t\t<div class=\"elementor-element elementor-element-5478cf8f elementor-widget elementor-widget-text-editor\" data-id=\"5478cf8f\" data-element_type=\"widget\" data-e-type=\"widget\" data-widget_type=\"text-editor.default\">\n\t\t\t\t<div class=\"elementor-widget-container\">\n\t\t\t\t\t\t\t\t\t<p><\/p>\n<p>A mi\u00f1a vida ten moitas facetas diferentes. A literatura ocupa un espazo central pero tam\u00e9n te\u00f1o estudos de inform\u00e1tica e turismo. Empecei a escribir nun obradoiro literario en Buenos Aires nos anos 80 do s\u00e9culo pasado. Despois fixen cursos de formaci\u00f3n de coordinaci\u00f3n de obradoiros na Universidade de Buenos Aires antes de emigrar. Participei en obradoiros literarios en Caracas e, xa na Galiza, comecei a coordinalos en 1996 e nunca deixei de facelo, s\u00f3 ou acompa\u00f1ado. 10 autores e autoras que traballaron nos meus obradoiros te\u00f1en hoxe os seus primeiros libros individuais publicados! Colaborei (e colaboro) en diversas experiencias editoriais e axudo a dar forma a un par de certames literarios. A mi\u00f1a obra po\u00e9tica en galego conta xa con case 20 t\u00edtulos polos que obtiven alg\u00fans premios e moitas alegr\u00edas.<\/p>\n<p><\/p>\t\t\t\t\t\t\t\t<\/div>\n\t\t\t\t<\/div>\n\t\t\t\t<section class=\"elementor-section elementor-inner-section elementor-element elementor-element-2890de5 elementor-section-boxed elementor-section-height-default elementor-section-height-default\" data-id=\"2890de5\" data-element_type=\"section\" data-e-type=\"section\">\n\t\t\t\t\t\t<div class=\"elementor-container elementor-column-gap-default\">\n\t\t\t\t\t<div class=\"elementor-column elementor-col-20 elementor-inner-column elementor-element elementor-element-155d737\" data-id=\"155d737\" data-element_type=\"column\" data-e-type=\"column\">\n\t\t\t<div class=\"elementor-widget-wrap elementor-element-populated\">\n\t\t\t\t\t\t<div class=\"elementor-element elementor-element-f4f2384 elementor-view-default elementor-widget elementor-widget-icon\" data-id=\"f4f2384\" data-element_type=\"widget\" data-e-type=\"widget\" data-widget_type=\"icon.default\">\n\t\t\t\t<div class=\"elementor-widget-container\">\n\t\t\t\t\t\t\t<div class=\"elementor-icon-wrapper\">\n\t\t\t<a class=\"elementor-icon\" href=\"https:\/\/www.facebook.com\/eduardo.estevez\">\n\t\t\t<i aria-hidden=\"true\" class=\"fab fa-facebook-f\"><\/i>\t\t\t<\/a>\n\t\t<\/div>\n\t\t\t\t\t\t<\/div>\n\t\t\t\t<\/div>\n\t\t\t\t\t<\/div>\n\t\t<\/div>\n\t\t\t\t<div class=\"elementor-column elementor-col-20 elementor-inner-column elementor-element elementor-element-37bef85\" data-id=\"37bef85\" data-element_type=\"column\" data-e-type=\"column\">\n\t\t\t<div class=\"elementor-widget-wrap elementor-element-populated\">\n\t\t\t\t\t\t<div class=\"elementor-element elementor-element-04750c4 elementor-view-default elementor-widget elementor-widget-icon\" data-id=\"04750c4\" data-element_type=\"widget\" data-e-type=\"widget\" data-widget_type=\"icon.default\">\n\t\t\t\t<div class=\"elementor-widget-container\">\n\t\t\t\t\t\t\t<div class=\"elementor-icon-wrapper\">\n\t\t\t<a class=\"elementor-icon\" href=\"https:\/\/twitter.com\/eduardo_estevez\">\n\t\t\t<i aria-hidden=\"true\" class=\"fab fa-twitter\"><\/i>\t\t\t<\/a>\n\t\t<\/div>\n\t\t\t\t\t\t<\/div>\n\t\t\t\t<\/div>\n\t\t\t\t\t<\/div>\n\t\t<\/div>\n\t\t\t\t<div class=\"elementor-column elementor-col-20 elementor-inner-column elementor-element elementor-element-afb362f\" data-id=\"afb362f\" data-element_type=\"column\" data-e-type=\"column\">\n\t\t\t<div class=\"elementor-widget-wrap elementor-element-populated\">\n\t\t\t\t\t\t<div class=\"elementor-element elementor-element-2c714c2 elementor-view-default elementor-widget elementor-widget-icon\" data-id=\"2c714c2\" data-element_type=\"widget\" data-e-type=\"widget\" data-widget_type=\"icon.default\">\n\t\t\t\t<div class=\"elementor-widget-container\">\n\t\t\t\t\t\t\t<div class=\"elementor-icon-wrapper\">\n\t\t\t<a class=\"elementor-icon\" href=\"https:\/\/instagram.com\/edu.ardo.estevez\">\n\t\t\t<i aria-hidden=\"true\" class=\"fab fa-instagram\"><\/i>\t\t\t<\/a>\n\t\t<\/div>\n\t\t\t\t\t\t<\/div>\n\t\t\t\t<\/div>\n\t\t\t\t\t<\/div>\n\t\t<\/div>\n\t\t\t\t<div class=\"elementor-column elementor-col-20 elementor-inner-column elementor-element elementor-element-e19253e\" data-id=\"e19253e\" data-element_type=\"column\" data-e-type=\"column\">\n\t\t\t<div class=\"elementor-widget-wrap elementor-element-populated\">\n\t\t\t\t\t\t<div class=\"elementor-element elementor-element-718f47d elementor-view-default elementor-widget elementor-widget-icon\" data-id=\"718f47d\" data-element_type=\"widget\" data-e-type=\"widget\" data-widget_type=\"icon.default\">\n\t\t\t\t<div class=\"elementor-widget-container\">\n\t\t\t\t\t\t\t<div class=\"elementor-icon-wrapper\">\n\t\t\t<a class=\"elementor-icon\" href=\"https:\/\/mastodon.gal\/@o_estevez\" rel=\"me\">\n\t\t\t<i aria-hidden=\"true\" class=\"fab fa-mastodon\"><\/i>\t\t\t<\/a>\n\t\t<\/div>\n\t\t\t\t\t\t<\/div>\n\t\t\t\t<\/div>\n\t\t\t\t\t<\/div>\n\t\t<\/div>\n\t\t\t\t<div class=\"elementor-column elementor-col-20 elementor-inner-column elementor-element elementor-element-7598fc5\" data-id=\"7598fc5\" data-element_type=\"column\" data-e-type=\"column\">\n\t\t\t<div class=\"elementor-widget-wrap elementor-element-populated\">\n\t\t\t\t\t\t<div class=\"elementor-element elementor-element-012b5f4 elementor-view-default elementor-widget elementor-widget-icon\" data-id=\"012b5f4\" data-element_type=\"widget\" data-e-type=\"widget\" data-widget_type=\"icon.default\">\n\t\t\t\t<div class=\"elementor-widget-container\">\n\t\t\t\t\t\t\t<div class=\"elementor-icon-wrapper\">\n\t\t\t<a class=\"elementor-icon\" href=\"https:\/\/luagris.net\/blog\">\n\t\t\t<i aria-hidden=\"true\" class=\"fas fa-link\"><\/i>\t\t\t<\/a>\n\t\t<\/div>\n\t\t\t\t\t\t<\/div>\n\t\t\t\t<\/div>\n\t\t\t\t\t<\/div>\n\t\t<\/div>\n\t\t\t\t\t<\/div>\n\t\t<\/section>\n\t\t\t\t\t<\/div>\n\t\t<\/div>\n\t\t\t\t\t<\/div>\n\t\t<\/section>\n\t\t\t\t<\/div>\n\t\t","protected":false},"excerpt":{"rendered":"<p>A mi\u00f1a vida ten moitas facetas diferentes. A literatura ocupa un espazo central pero tam\u00e9n te\u00f1o estudos de inform\u00e1tica e turismo. Empecei [&hellip;]<\/p>\n","protected":false},"author":5,"featured_media":0,"parent":0,"menu_order":0,"comment_status":"closed","ping_status":"open","template":"","meta":{"footnotes":""},"class_list":["post-569","page","type-page","status-publish","hentry"],"jetpack_sharing_enabled":true,"_links":{"self":[{"href":"https:\/\/tecedeiras.gal\/index.php?rest_route=\/wp\/v2\/pages\/569","targetHints":{"allow":["GET"]}}],"collection":[{"href":"https:\/\/tecedeiras.gal\/index.php?rest_route=\/wp\/v2\/pages"}],"about":[{"href":"https:\/\/tecedeiras.gal\/index.php?rest_route=\/wp\/v2\/types\/page"}],"author":[{"embeddable":true,"href":"https:\/\/tecedeiras.gal\/index.php?rest_route=\/wp\/v2\/users\/5"}],"replies":[{"embeddable":true,"href":"https:\/\/tecedeiras.gal\/index.php?rest_route=%2Fwp%2Fv2%2Fcomments&post=569"}],"version-history":[{"count":8,"href":"https:\/\/tecedeiras.gal\/index.php?rest_route=\/wp\/v2\/pages\/569\/revisions"}],"predecessor-version":[{"id":1562,"href":"https:\/\/tecedeiras.gal\/index.php?rest_route=\/wp\/v2\/pages\/569\/revisions\/1562"}],"wp:attachment":[{"href":"https:\/\/tecedeiras.gal\/index.php?rest_route=%2Fwp%2Fv2%2Fmedia&parent=569"}],"curies":[{"name":"wp","href":"https:\/\/api.w.org\/{rel}","templated":true}]}}