{"id":361,"date":"2019-10-30T19:37:49","date_gmt":"2019-10-30T17:37:49","guid":{"rendered":"http:\/\/demo.athemes.com\/sydney-redesign\/?page_id=361"},"modified":"2022-12-23T13:01:01","modified_gmt":"2022-12-23T11:01:01","slug":"o-equipo","status":"publish","type":"page","link":"https:\/\/tecedeiras.gal\/?page_id=361","title":{"rendered":"quen somos?"},"content":{"rendered":"\t\t<div data-elementor-type=\"wp-page\" data-elementor-id=\"361\" class=\"elementor elementor-361\">\n\t\t\t\t\t\t<section class=\"elementor-section elementor-top-section elementor-element elementor-element-4aaabe97 elementor-section-boxed elementor-section-height-default elementor-section-height-default\" data-id=\"4aaabe97\" data-element_type=\"section\" data-e-type=\"section\">\n\t\t\t\t\t\t<div class=\"elementor-container elementor-column-gap-default\">\n\t\t\t\t\t<div class=\"elementor-column elementor-col-100 elementor-top-column elementor-element elementor-element-a893fcb\" data-id=\"a893fcb\" data-element_type=\"column\" data-e-type=\"column\">\n\t\t\t<div class=\"elementor-widget-wrap elementor-element-populated\">\n\t\t\t\t\t\t<div class=\"elementor-element elementor-element-4869527a elementor-widget elementor-widget-heading\" data-id=\"4869527a\" data-element_type=\"widget\" data-e-type=\"widget\" data-widget_type=\"heading.default\">\n\t\t\t\t<div class=\"elementor-widget-container\">\n\t\t\t\t\t<p class=\"elementor-heading-title elementor-size-default\">colaboradoras<\/p>\t\t\t\t<\/div>\n\t\t\t\t<\/div>\n\t\t\t\t<section class=\"elementor-section elementor-inner-section elementor-element elementor-element-43ee1ca elementor-section-boxed elementor-section-height-default elementor-section-height-default\" data-id=\"43ee1ca\" data-element_type=\"section\" data-e-type=\"section\">\n\t\t\t\t\t\t<div class=\"elementor-container elementor-column-gap-default\">\n\t\t\t\t\t<div class=\"elementor-column elementor-col-100 elementor-inner-column elementor-element elementor-element-3a899fb\" data-id=\"3a899fb\" data-element_type=\"column\" data-e-type=\"column\">\n\t\t\t<div class=\"elementor-widget-wrap elementor-element-populated\">\n\t\t\t\t\t\t<div class=\"elementor-element elementor-element-3df910f elementor-widget elementor-widget-text-editor\" data-id=\"3df910f\" data-element_type=\"widget\" data-e-type=\"widget\" data-widget_type=\"text-editor.default\">\n\t\t\t\t<div class=\"elementor-widget-container\">\n\t\t\t\t\t\t\t\t\t<p>Un equipo onde a colaboraci\u00f3n e a diversidade fan a fortaleza.<\/p><p>Cada un de n\u00f3s achega a s\u00faa formaci\u00f3n e experiencia espec\u00edfica coa literatura para traballar xunto a aquelas persoas que queiran cultivar a s\u00faa escrita creativa ou iniciarse nela.<\/p><p>Levamos tempo tecendo unha relaci\u00f3n intensa coa literatura desde diferentes<br \/>\u00e1mbitos, tanto en proxectos individuais como colaborando xuntas. Agora creamos <span style=\"color: #396a9c;\">tecedeiras<\/span> para sumar toda esa bagaxe e que se multiplique traballando en equipo. <\/p>\t\t\t\t\t\t\t\t<\/div>\n\t\t\t\t<\/div>\n\t\t\t\t\t<\/div>\n\t\t<\/div>\n\t\t\t\t\t<\/div>\n\t\t<\/section>\n\t\t\t\t<section class=\"elementor-section elementor-inner-section elementor-element elementor-element-0a38995 elementor-section-boxed elementor-section-height-default elementor-section-height-default\" data-id=\"0a38995\" data-element_type=\"section\" data-e-type=\"section\">\n\t\t\t\t\t\t<div class=\"elementor-container elementor-column-gap-default\">\n\t\t\t\t\t<div class=\"elementor-column elementor-col-33 elementor-inner-column elementor-element elementor-element-cf33294\" data-id=\"cf33294\" data-element_type=\"column\" data-e-type=\"column\">\n\t\t\t<div class=\"elementor-widget-wrap elementor-element-populated\">\n\t\t\t\t\t\t<div class=\"elementor-element elementor-element-6c3110e elementor-widget elementor-widget-text-editor\" data-id=\"6c3110e\" data-element_type=\"widget\" data-e-type=\"widget\" data-widget_type=\"text-editor.default\">\n\t\t\t\t<div class=\"elementor-widget-container\">\n\t\t\t\t\t\t\t\t\t<p style=\"text-align: center; font-size: 80%;\" align=\"center\"><a href=\"\/?page_id=569\"><img decoding=\"async\" src=\".\/wp-content\/uploads\/2020\/06\/eduardo.jpg\" \/><\/a><\/p>\n<p style=\"text-align: right; font-size: 80%; margin-right: 60px;\">Foto: <a href=\"https:\/\/nachok.net\/\">Nachok<\/a><\/p>\n<p style=\"text-align: center; font-size: 130%;\"><b><a href=\"\/?page_id=569\">Eduardo Est\u00e9vez<\/a><\/b><\/p>\t\t\t\t\t\t\t\t<\/div>\n\t\t\t\t<\/div>\n\t\t\t\t\t<\/div>\n\t\t<\/div>\n\t\t\t\t<div class=\"elementor-column elementor-col-33 elementor-inner-column elementor-element elementor-element-06a09d9\" data-id=\"06a09d9\" data-element_type=\"column\" data-e-type=\"column\">\n\t\t\t<div class=\"elementor-widget-wrap elementor-element-populated\">\n\t\t\t\t\t\t<div class=\"elementor-element elementor-element-9acab42 elementor-widget elementor-widget-text-editor\" data-id=\"9acab42\" data-element_type=\"widget\" data-e-type=\"widget\" data-widget_type=\"text-editor.default\">\n\t\t\t\t<div class=\"elementor-widget-container\">\n\t\t\t\t\t\t\t\t\t<p style=\"text-align: center; font-size: 80%;\"><a href=\".\/?page_id=1566\"><img decoding=\"async\" src=\".\/wp-content\/uploads\/2022\/12\/neves_1.jpg\" \/><\/a><\/p>\n<p style=\"text-align: right; font-size: 80%; margin-right: 60px;\">Foto: Carlos N\u00fa\u00f1ez<\/p>\n<p style=\"text-align: center; font-size: 130%;\"><b><a href=\"\/?page_id=1566\">Neves Soutelo\n<\/a><\/b><\/p>\t\t\t\t\t\t\t\t<\/div>\n\t\t\t\t<\/div>\n\t\t\t\t\t<\/div>\n\t\t<\/div>\n\t\t\t\t<div class=\"elementor-column elementor-col-33 elementor-inner-column elementor-element elementor-element-37a28f5\" data-id=\"37a28f5\" data-element_type=\"column\" data-e-type=\"column\">\n\t\t\t<div class=\"elementor-widget-wrap elementor-element-populated\">\n\t\t\t\t\t\t<div class=\"elementor-element elementor-element-9f0fa70 elementor-widget elementor-widget-text-editor\" data-id=\"9f0fa70\" data-element_type=\"widget\" data-e-type=\"widget\" data-widget_type=\"text-editor.default\">\n\t\t\t\t<div class=\"elementor-widget-container\">\n\t\t\t\t\t\t\t\t\t<p style=\"text-align: center; font-size: 80%;\" align=\"center\"><a href=\"\/?page_id=800\"><img decoding=\"async\" src=\".\/wp-content\/uploads\/2020\/06\/mario_4.jpg\" \/><\/a><\/p>\n<p style=\"text-align: right; font-size: 80%; visibility: hidden;\">Foto:<\/p>\n<p style=\"text-align: center; font-size: 130%;\"><b><a href=\"\/?page_id=800\">Mario Regueira<\/a><\/b><\/p>\t\t\t\t\t\t\t\t<\/div>\n\t\t\t\t<\/div>\n\t\t\t\t\t<\/div>\n\t\t<\/div>\n\t\t\t\t\t<\/div>\n\t\t<\/section>\n\t\t\t\t<section class=\"elementor-section elementor-inner-section elementor-element elementor-element-cae0309 elementor-section-boxed elementor-section-height-default elementor-section-height-default\" data-id=\"cae0309\" data-element_type=\"section\" data-e-type=\"section\">\n\t\t\t\t\t\t<div class=\"elementor-container elementor-column-gap-default\">\n\t\t\t\t\t<div class=\"elementor-column elementor-col-33 elementor-inner-column elementor-element elementor-element-9ef4b93\" data-id=\"9ef4b93\" data-element_type=\"column\" data-e-type=\"column\">\n\t\t\t<div class=\"elementor-widget-wrap elementor-element-populated\">\n\t\t\t\t\t\t<div class=\"elementor-element elementor-element-8537a3b elementor-widget elementor-widget-text-editor\" data-id=\"8537a3b\" data-element_type=\"widget\" data-e-type=\"widget\" data-widget_type=\"text-editor.default\">\n\t\t\t\t<div class=\"elementor-widget-container\">\n\t\t\t\t\t\t\t\t\t<p style=\"text-align: center; font-size: 80%;\"><a href=\".\/?page_id=793\"><img decoding=\"async\" src=\".\/wp-content\/uploads\/2020\/06\/lorena.jpg\" \/><\/a><\/p>\n<p style=\"text-align: right; font-size: 80%; margin-right: 60px;\">Foto: \u00d3scar Ant\u00f3n P\u00e9rez<\/p>\n<p style=\"text-align: center; font-size: 130%;\"><b><a href=\"\/?page_id=793\">Lorena Souto<\/a><\/b><\/p>\t\t\t\t\t\t\t\t<\/div>\n\t\t\t\t<\/div>\n\t\t\t\t\t<\/div>\n\t\t<\/div>\n\t\t\t\t<div class=\"elementor-column elementor-col-33 elementor-inner-column elementor-element elementor-element-09d7867\" data-id=\"09d7867\" data-element_type=\"column\" data-e-type=\"column\">\n\t\t\t<div class=\"elementor-widget-wrap elementor-element-populated\">\n\t\t\t\t\t\t<div class=\"elementor-element elementor-element-84316d8 elementor-widget elementor-widget-text-editor\" data-id=\"84316d8\" data-element_type=\"widget\" data-e-type=\"widget\" data-widget_type=\"text-editor.default\">\n\t\t\t\t<div class=\"elementor-widget-container\">\n\t\t\t\t\t\t\t\t\t<p style=\"text-align: center; font-size: 80%;\"><a href=\".\/?page_id=1437\"><img decoding=\"async\" src=\".\/wp-content\/uploads\/2021\/09\/elvira_2.jpg\" \/><\/a><\/p>\n<p style=\"text-align: right; font-size: 80%; visibility: hidden;\">Foto:<\/p>\n<p style=\"text-align: center; font-size: 130%;\"><b><a href=\"\/?page_id=1437\">Elvira Ribeiro Tob\u00edo\n<\/a><\/b><\/p>\t\t\t\t\t\t\t\t<\/div>\n\t\t\t\t<\/div>\n\t\t\t\t\t<\/div>\n\t\t<\/div>\n\t\t\t\t<div class=\"elementor-column elementor-col-33 elementor-inner-column elementor-element elementor-element-181989d\" data-id=\"181989d\" data-element_type=\"column\" data-e-type=\"column\">\n\t\t\t<div class=\"elementor-widget-wrap elementor-element-populated\">\n\t\t\t\t\t\t<div class=\"elementor-element elementor-element-8685556 elementor-widget elementor-widget-text-editor\" data-id=\"8685556\" data-element_type=\"widget\" data-e-type=\"widget\" data-widget_type=\"text-editor.default\">\n\t\t\t\t<div class=\"elementor-widget-container\">\n\t\t\t\t\t\t\t\t\t<p style=\"text-align: center; font-size: 80%;\" align=\"right\"><a href=\"\/?page_id=1338\"><img decoding=\"async\" src=\".\/wp-content\/uploads\/2020\/12\/maria_2.jpg\" \/><\/a><\/p>\n<p style=\"text-align: right; font-size: 80%; visibility: hidden;\">Foto:<\/p>\n<p style=\"text-align: center; font-size: 130%;\"><b><a href=\".\/?page_id=1338\">Mar\u00eda Lado\n<\/a><\/b><\/p>\t\t\t\t\t\t\t\t<\/div>\n\t\t\t\t<\/div>\n\t\t\t\t\t<\/div>\n\t\t<\/div>\n\t\t\t\t\t<\/div>\n\t\t<\/section>\n\t\t\t\t\t<\/div>\n\t\t<\/div>\n\t\t\t\t\t<\/div>\n\t\t<\/section>\n\t\t\t\t<\/div>\n\t\t","protected":false},"excerpt":{"rendered":"<p>colaboradoras Un equipo onde a colaboraci\u00f3n e a diversidade fan a fortaleza. Cada un de n\u00f3s achega a s\u00faa formaci\u00f3n e experiencia [&hellip;]<\/p>\n","protected":false},"author":5,"featured_media":0,"parent":0,"menu_order":0,"comment_status":"closed","ping_status":"closed","template":"page-templates\/page_front-page.php","meta":{"footnotes":""},"class_list":["post-361","page","type-page","status-publish","hentry"],"jetpack_sharing_enabled":true,"_links":{"self":[{"href":"https:\/\/tecedeiras.gal\/index.php?rest_route=\/wp\/v2\/pages\/361","targetHints":{"allow":["GET"]}}],"collection":[{"href":"https:\/\/tecedeiras.gal\/index.php?rest_route=\/wp\/v2\/pages"}],"about":[{"href":"https:\/\/tecedeiras.gal\/index.php?rest_route=\/wp\/v2\/types\/page"}],"author":[{"embeddable":true,"href":"https:\/\/tecedeiras.gal\/index.php?rest_route=\/wp\/v2\/users\/5"}],"replies":[{"embeddable":true,"href":"https:\/\/tecedeiras.gal\/index.php?rest_route=%2Fwp%2Fv2%2Fcomments&post=361"}],"version-history":[{"count":57,"href":"https:\/\/tecedeiras.gal\/index.php?rest_route=\/wp\/v2\/pages\/361\/revisions"}],"predecessor-version":[{"id":1580,"href":"https:\/\/tecedeiras.gal\/index.php?rest_route=\/wp\/v2\/pages\/361\/revisions\/1580"}],"wp:attachment":[{"href":"https:\/\/tecedeiras.gal\/index.php?rest_route=%2Fwp%2Fv2%2Fmedia&parent=361"}],"curies":[{"name":"wp","href":"https:\/\/api.w.org\/{rel}","templated":true}]}}