{"id":1535,"date":"2022-09-12T17:30:12","date_gmt":"2022-09-12T15:30:12","guid":{"rendered":"https:\/\/tecedeiras.gal\/?page_id=1535"},"modified":"2023-07-18T18:22:38","modified_gmt":"2023-07-18T16:22:38","slug":"1535-2","status":"publish","type":"page","link":"https:\/\/tecedeiras.gal\/?page_id=1535","title":{"rendered":"Outono-inverno-primavera 23-24"},"content":{"rendered":"\n<figure class=\"wp-block-image size-large\"><img data-recalc-dims=\"1\" fetchpriority=\"high\" decoding=\"async\" width=\"1024\" height=\"1024\" src=\"https:\/\/i0.wp.com\/tecedeiras.gal\/wp-content\/uploads\/2023\/07\/convocatoria-23-24-1-1024x1024.jpg?resize=1024%2C1024&#038;ssl=1\" alt=\"\" class=\"wp-image-1611\" srcset=\"https:\/\/i0.wp.com\/tecedeiras.gal\/wp-content\/uploads\/2023\/07\/convocatoria-23-24-1.jpg?resize=1024%2C1024&amp;ssl=1 1024w, https:\/\/i0.wp.com\/tecedeiras.gal\/wp-content\/uploads\/2023\/07\/convocatoria-23-24-1.jpg?resize=300%2C300&amp;ssl=1 300w, https:\/\/i0.wp.com\/tecedeiras.gal\/wp-content\/uploads\/2023\/07\/convocatoria-23-24-1.jpg?resize=150%2C150&amp;ssl=1 150w, https:\/\/i0.wp.com\/tecedeiras.gal\/wp-content\/uploads\/2023\/07\/convocatoria-23-24-1.jpg?resize=768%2C768&amp;ssl=1 768w, https:\/\/i0.wp.com\/tecedeiras.gal\/wp-content\/uploads\/2023\/07\/convocatoria-23-24-1.jpg?resize=1000%2C1000&amp;ssl=1 1000w, https:\/\/i0.wp.com\/tecedeiras.gal\/wp-content\/uploads\/2023\/07\/convocatoria-23-24-1.jpg?resize=230%2C230&amp;ssl=1 230w, https:\/\/i0.wp.com\/tecedeiras.gal\/wp-content\/uploads\/2023\/07\/convocatoria-23-24-1.jpg?resize=350%2C350&amp;ssl=1 350w, https:\/\/i0.wp.com\/tecedeiras.gal\/wp-content\/uploads\/2023\/07\/convocatoria-23-24-1.jpg?resize=480%2C480&amp;ssl=1 480w, https:\/\/i0.wp.com\/tecedeiras.gal\/wp-content\/uploads\/2023\/07\/convocatoria-23-24-1.jpg?w=1260&amp;ssl=1 1260w\" sizes=\"(max-width: 1024px) 100vw, 1024px\" \/><\/figure>\n\n\n\n<p>Velaqu\u00ed a proposta de obradoiros para o curso 2023-24. Son convocatorias trimestrais as\u00ed que van organizadas por estaci\u00f3ns.<\/p>\n\n\n\n<ul class=\"wp-block-list\">\n<li><strong>Outono<\/strong> (outubro-decembro)<\/li>\n\n\n\n<li><strong>Inverno<\/strong> (xaneiro-marzo)<\/li>\n\n\n\n<li><strong>Primavera<\/strong> (abril-xu\u00f1o)<\/li>\n<\/ul>\n\n\n\n<p>Grupos reducidos (m\u00e1ximo 10 persoas).<\/p>\n\n\n\n<p><\/p>\n\n\n\n<p class=\"has-text-align-center\"><strong><span style=\"text-decoration: underline;\">Grupos para persoas adultas<\/span><\/strong><\/p>\n\n\n\n<ul class=\"wp-block-list\">\n<li>Outono: todos os xoves \u00e1s 20h. Coordina Neves Soutelo<\/li>\n<\/ul>\n\n\n\n<p><strong>Prezo do obradoiro de outono 160 \u20ac<\/strong> (10 sesi\u00f3ns semanais de 2 horas).<\/p>\n\n\n\n<p><span style=\"text-decoration: underline;\">Descontos se te apuntas por per\u00edodos maiores<\/span><\/p>\n\n\n\n<ul class=\"wp-block-list\">\n<li>se te apuntas para outono+inverno <s>336 \u20ac<\/s> <strong>319,40 \u20ac<\/strong> (21 sesi\u00f3ns)<\/li>\n\n\n\n<li>se te apuntas para outono+inverno+primavera <s>528 \u20ac<\/s> <strong>475,20 \u20ac<\/strong> (33 sesi\u00f3ns)<\/li>\n<\/ul>\n","protected":false},"excerpt":{"rendered":"<p>Velaqu\u00ed a proposta de obradoiros para o curso 2023-24. Son convocatorias trimestrais as\u00ed que van organizadas por estaci\u00f3ns. Grupos reducidos (m\u00e1ximo 10 [&hellip;]<\/p>\n","protected":false},"author":5,"featured_media":0,"parent":0,"menu_order":0,"comment_status":"closed","ping_status":"closed","template":"","meta":{"footnotes":""},"class_list":["post-1535","page","type-page","status-publish","hentry"],"jetpack_sharing_enabled":true,"_links":{"self":[{"href":"https:\/\/tecedeiras.gal\/index.php?rest_route=\/wp\/v2\/pages\/1535","targetHints":{"allow":["GET"]}}],"collection":[{"href":"https:\/\/tecedeiras.gal\/index.php?rest_route=\/wp\/v2\/pages"}],"about":[{"href":"https:\/\/tecedeiras.gal\/index.php?rest_route=\/wp\/v2\/types\/page"}],"author":[{"embeddable":true,"href":"https:\/\/tecedeiras.gal\/index.php?rest_route=\/wp\/v2\/users\/5"}],"replies":[{"embeddable":true,"href":"https:\/\/tecedeiras.gal\/index.php?rest_route=%2Fwp%2Fv2%2Fcomments&post=1535"}],"version-history":[{"count":5,"href":"https:\/\/tecedeiras.gal\/index.php?rest_route=\/wp\/v2\/pages\/1535\/revisions"}],"predecessor-version":[{"id":1613,"href":"https:\/\/tecedeiras.gal\/index.php?rest_route=\/wp\/v2\/pages\/1535\/revisions\/1613"}],"wp:attachment":[{"href":"https:\/\/tecedeiras.gal\/index.php?rest_route=%2Fwp%2Fv2%2Fmedia&parent=1535"}],"curies":[{"name":"wp","href":"https:\/\/api.w.org\/{rel}","templated":true}]}}