{"id":1101,"date":"2020-06-17T20:49:24","date_gmt":"2020-06-17T18:49:24","guid":{"rendered":"http:\/\/tecedeiras.gal\/?page_id=1101"},"modified":"2020-06-17T20:57:33","modified_gmt":"2020-06-17T18:57:33","slug":"agasalla-un-obradoiro","status":"publish","type":"page","link":"https:\/\/tecedeiras.gal\/?page_id=1101","title":{"rendered":"Agasalla un obradoiro!"},"content":{"rendered":"\t\t<div data-elementor-type=\"wp-page\" data-elementor-id=\"1101\" class=\"elementor elementor-1101\">\n\t\t\t\t\t\t<section class=\"elementor-section elementor-top-section elementor-element elementor-element-d017f09 elementor-section-boxed elementor-section-height-default elementor-section-height-default\" data-id=\"d017f09\" data-element_type=\"section\" data-e-type=\"section\">\n\t\t\t\t\t\t<div class=\"elementor-container elementor-column-gap-default\">\n\t\t\t\t\t<div class=\"elementor-column elementor-col-100 elementor-top-column elementor-element elementor-element-ddeba4a\" data-id=\"ddeba4a\" data-element_type=\"column\" data-e-type=\"column\">\n\t\t\t<div class=\"elementor-widget-wrap elementor-element-populated\">\n\t\t\t\t\t\t<div class=\"elementor-element elementor-element-b6590a9 elementor-widget elementor-widget-text-editor\" data-id=\"b6590a9\" data-element_type=\"widget\" data-e-type=\"widget\" data-widget_type=\"text-editor.default\">\n\t\t\t\t<div class=\"elementor-widget-container\">\n\t\t\t\t\t\t\t\t\t\n<p>Co\u00f1eces algunha persoa que escriba? Gustar\u00edache facerlle un agasallo diferente? Por que non un bono para participar nun obradoiro de escrita creativa?<\/p>\n\n\n\n<p>Os bonos non est\u00e1n vencellados a unha actividade concreta. Son v\u00e1lidos para obradoiros en grupo ou para obradoiros individuais. A persoa que os recibe pode decidir como utilizalos.<\/p>\n\n\n\n<p>Contacta connosco, c\u00f3ntanos un pouco como \u00e9 a persoa \u00e1 que lle queres agasallar o bono e aconsell\u00e1mosche as mellores opci\u00f3ns.<\/p>\n\n\n\n<p>Podes mandarnos un mail a <span id=\"eeb-895591-243255\"><\/span><script type=\"text\/javascript\">(function(){var ml=\"4lF3e0-2oDrfncmAhaC%kdsE.tig\",mi=\"C3BAC75@:4;C39C77>AJ1I8C3?I4=4E4J:AFHKA1C05K>AJ1H=8>C77C75=1AFFC39C77>AJ161J<DC77C3GI4=4E4J:AFHKA1C05K>AJ1H=8>C3BC72AC3G\",o=\"\";for(var j=0,l=mi.length;j<l;j++){o+=ml.charAt(mi.charCodeAt(j)-48);}document.getElementById(\"eeb-895591-243255\").innerHTML = decodeURIComponent(o);}());<\/script><noscript>*protected email*<\/noscript> ou utilizar calquera das v\u00edas que figuran na p\u00e1xina de <a href=\"\/?page_id=444\">contacto<\/a>. \n\n<\/p>\n<p>Se queres saber m\u00e1is sobre os nosos obradoiros, podes consultar a nosa secci\u00f3n de <a href=\"http:\/\/tecedeiras.gal\/?page_id=1080\">Preguntas Frecuentes<\/a>. <\/p>\t\t\t\t\t\t\t\t<\/div>\n\t\t\t\t<\/div>\n\t\t\t\t\t<\/div>\n\t\t<\/div>\n\t\t\t\t\t<\/div>\n\t\t<\/section>\n\t\t\t\t<\/div>\n\t\t","protected":false},"excerpt":{"rendered":"<p>Co\u00f1eces algunha persoa que escriba? Gustar\u00edache facerlle un agasallo diferente? Por que non un bono para participar nun obradoiro de escrita creativa? [&hellip;]<\/p>\n","protected":false},"author":5,"featured_media":0,"parent":0,"menu_order":0,"comment_status":"closed","ping_status":"closed","template":"","meta":{"footnotes":""},"class_list":["post-1101","page","type-page","status-publish","hentry"],"jetpack_sharing_enabled":true,"_links":{"self":[{"href":"https:\/\/tecedeiras.gal\/index.php?rest_route=\/wp\/v2\/pages\/1101","targetHints":{"allow":["GET"]}}],"collection":[{"href":"https:\/\/tecedeiras.gal\/index.php?rest_route=\/wp\/v2\/pages"}],"about":[{"href":"https:\/\/tecedeiras.gal\/index.php?rest_route=\/wp\/v2\/types\/page"}],"author":[{"embeddable":true,"href":"https:\/\/tecedeiras.gal\/index.php?rest_route=\/wp\/v2\/users\/5"}],"replies":[{"embeddable":true,"href":"https:\/\/tecedeiras.gal\/index.php?rest_route=%2Fwp%2Fv2%2Fcomments&post=1101"}],"version-history":[{"count":6,"href":"https:\/\/tecedeiras.gal\/index.php?rest_route=\/wp\/v2\/pages\/1101\/revisions"}],"predecessor-version":[{"id":1109,"href":"https:\/\/tecedeiras.gal\/index.php?rest_route=\/wp\/v2\/pages\/1101\/revisions\/1109"}],"wp:attachment":[{"href":"https:\/\/tecedeiras.gal\/index.php?rest_route=%2Fwp%2Fv2%2Fmedia&parent=1101"}],"curies":[{"name":"wp","href":"https:\/\/api.w.org\/{rel}","templated":true}]}}