{"id":1013,"date":"2020-06-15T11:01:59","date_gmt":"2020-06-15T09:01:59","guid":{"rendered":"http:\/\/tecedeiras.gal\/?page_id=1013"},"modified":"2020-06-15T11:02:53","modified_gmt":"2020-06-15T09:02:53","slug":"un-obradoiro-a-tua-medida","status":"publish","type":"page","link":"https:\/\/tecedeiras.gal\/?page_id=1013","title":{"rendered":"Un obradoiro \u00e1 t\u00faa medida"},"content":{"rendered":"\n<p>Un obradoiro a medida pode ser a ferramenta que necesitas para sacar adiante o teu proxecto literario.<\/p>\n\n\n\n<p><\/p>\n\n\n\n<p>Tes un libro a medio tecer e non o d\u00e1s rematado?<\/p>\n\n\n\n<p>Tes unha idea para un libro e non sabes como abordala?<\/p>\n\n\n\n<p>Tes un libro co que andas dando voltas sen \u00e9xito desde hai un tempo e cres que deber\u00eda correr mellor sorte?<\/p>\n\n\n\n<p>Levas tempo escribindo e queres buscar unha sa\u00edda para a t\u00faa obra?<\/p>\n\n\n\n<p><\/p>\n\n\n\n<h3 class=\"wp-block-heading\">Que che propo\u00f1emos?<\/h3>\n\n\n\n<p>Analizamos o teu proxecto literario e dese\u00f1amos xuntas un programa de traballo para sacalo adiante.<\/p>\n\n\n\n<p>Utilizamos o correo electr\u00f3nico, o tel\u00e9fono, as videochamadas e ferramentas colaborativas na rede. E, se cadra, xunt\u00e1monos tam\u00e9n de vez en cando diante dun caf\u00e9.<\/p>\n\n\n\n<p>Encontros con horarios flex\u00edbeis acomodados ao teu ritmo de traballo.<\/p>\n\n\n\n<p>O prezo axust\u00e1molo \u00e1 din\u00e1mica de traballo escollida.<\/p>\n\n\n\n<p><a href=\"http:\/\/tecedeiras.gal\/?page_id=444\">Cons\u00faltanos<\/a>!<\/p>\n\n\n\n<p><\/p>\n","protected":false},"excerpt":{"rendered":"<p>Un obradoiro a medida pode ser a ferramenta que necesitas para sacar adiante o teu proxecto literario. Tes un libro a medio [&hellip;]<\/p>\n","protected":false},"author":5,"featured_media":0,"parent":0,"menu_order":0,"comment_status":"closed","ping_status":"closed","template":"","meta":{"footnotes":""},"class_list":["post-1013","page","type-page","status-publish","hentry"],"jetpack_sharing_enabled":true,"_links":{"self":[{"href":"https:\/\/tecedeiras.gal\/index.php?rest_route=\/wp\/v2\/pages\/1013","targetHints":{"allow":["GET"]}}],"collection":[{"href":"https:\/\/tecedeiras.gal\/index.php?rest_route=\/wp\/v2\/pages"}],"about":[{"href":"https:\/\/tecedeiras.gal\/index.php?rest_route=\/wp\/v2\/types\/page"}],"author":[{"embeddable":true,"href":"https:\/\/tecedeiras.gal\/index.php?rest_route=\/wp\/v2\/users\/5"}],"replies":[{"embeddable":true,"href":"https:\/\/tecedeiras.gal\/index.php?rest_route=%2Fwp%2Fv2%2Fcomments&post=1013"}],"version-history":[{"count":3,"href":"https:\/\/tecedeiras.gal\/index.php?rest_route=\/wp\/v2\/pages\/1013\/revisions"}],"predecessor-version":[{"id":1016,"href":"https:\/\/tecedeiras.gal\/index.php?rest_route=\/wp\/v2\/pages\/1013\/revisions\/1016"}],"wp:attachment":[{"href":"https:\/\/tecedeiras.gal\/index.php?rest_route=%2Fwp%2Fv2%2Fmedia&parent=1013"}],"curies":[{"name":"wp","href":"https:\/\/api.w.org\/{rel}","templated":true}]}}