{"id":974,"date":"2020-06-13T22:37:51","date_gmt":"2020-06-13T20:37:51","guid":{"rendered":"http:\/\/tecedeiras.gal\/?page_id=974"},"modified":"2020-06-13T23:20:16","modified_gmt":"2020-06-13T21:20:16","slug":"politica-de-cookies","status":"publish","type":"page","link":"http:\/\/tecedeiras.gal\/?page_id=974","title":{"rendered":"Pol\u00edtica de cookies"},"content":{"rendered":"<h1>Pol\u00edtica de cookies<\/h1>\n<p>Unha <em>cookie<\/em> \u00e9 un pequeno arquivo de texto que se almacena no teu navegador cuando visitas case calquera p\u00e1xina web. A s\u00faa utilidade \u00e9 que a web sexa capaz de lembrar a t\u00faa visita anterior cando volvas navegar por ela. As <em>cookies<\/em> adoitan almacenar informaci\u00f3n de car\u00e1cter t\u00e9cnico, preferencias persoais, personalizaci\u00f3n de contidos, estat\u00edsticas de uso, ligaz\u00f3ns \u00e1s redes sociais, acceso a contas de usuario, etc. O obxectivo da <em>cookie<\/em> \u00e9 adaptar o contido da web ao teu perfil e necesidades. Sen <em>cookies<\/em> os servizos ofrecidos por calquera p\u00e1xina ver\u00edanse mermados notablemente. Se queres consultar m\u00e1is informaci\u00f3n sobre que son as <em>cookies<\/em>, que almacenan, como eliminalas, desactivalas, etc., preg\u00e1mosche que lle botes un ollo a <a href=\"http:\/\/tecedeiras.gal\/?page_id=973\">esta ligaz\u00f3n.<\/a><\/p>\n<h2>Cookies utilizadas neste sitio web<\/h2>\n<p>Seguindo as directrices da Axencia Espa\u00f1ola de Protecci\u00f3n de Datos, procedemos a detallar o uso de <em>cookies<\/em> que fai esta web coa finalidade de que esteas informado coa maior exactitude pos\u00edbel.<\/p>\n<p>Este sitio web utiliza as seguintes <strong>cookies propias<\/strong>:<\/p>\n<ul>\n<li>Cookies de sesi\u00f3n, para garantir que os usuarios que escriban comentarios no blog sexan humanos e non aplicaci\u00f3ns automatizadas. Deste xeito combatimos o <em>spam<\/em>.<\/li>\n<\/ul>\n<p>Este sitio web utiliza as seguintes <strong>cookies de terceiros<\/strong>:<\/p>\n<ul>\n<li>Google Analytics: Almacena <em>cookies<\/em> para poder elaborar estat\u00edsticas sobre o trafego e volume de visitas desta web. Ao utilizar este sitio web est\u00e1s consent\u00edndolle a Google o tratamento de informaci\u00f3n acerca de ti. Por tanto, para exercer calquera dereito neste sentido deber\u00e1s comunicarte directamente con Google.<\/li>\n<li>Redes sociais: Cada rede social utiliza as s\u00faas propias <em>cookies<\/em> para que poidas facer clic en bot\u00f3ns do tipo <em>G\u00fastame<\/em> ou <em>Compartir<\/em>.<\/li>\n<\/ul>\n<h2>Desactivaci\u00f3n ou eliminaci\u00f3n de <em>cookies<\/em><\/h2>\n<p>En calquera momento podr\u00e1s exercer o teu dereito de desactivaci\u00f3n ou eliminaci\u00f3n de cookies deste sitio web. Estas acci\u00f3ns real\u00edzanse de xeito diferente en funci\u00f3n do navegador que esteas usando. Deix\u00e1mosche <a href=\"http:\/\/tecedeiras.gal\/?page_id=973#navegadores\">aqu\u00ed<\/a> una gu\u00eda r\u00e1pida para os navegadores m\u00e1is populares.<\/p>\n<h2>Notas adicionais<\/h2>\n<ul>\n<li>Nin esta web nin os seus representantes legais se fan responsables nin do contido nin da veracidade das pol\u00edticas de privacidade que poidan ter os terceiros mencionados nesta pol\u00edtica de <em>cookies<\/em>.<\/li>\n<li>Os navegadores web son as ferramentas encargadas de almacenar as <em>cookies<\/em> e, ser\u00e1 neles onde deber\u00e1s facer efectivo, se o desexas, o teu dereito \u00e1 eliminaci\u00f3n ou desactivaci\u00f3n das mesmas. Nin esta web nin os seus representantes legais poden garantir a correcta ou incorrecta manipulaci\u00f3n das <em>cookies<\/em> por parte dos mencionados navegadores.<\/li>\n<li>Nalg\u00fans casos \u00e9 necesario instalar <em>cookies<\/em> para que o navegador non esqueza a t\u00faa decisi\u00f3n de non aceptar <em>cookies<\/em>.<\/li>\n<li>No caso das <em>cookies<\/em> de Google Analytics, esta empresa almacena as <em>cookies<\/em> en servidores ubicados en Estados Unidos e comprom\u00e9tese a non compartila con terceiros, excepto nos casos nos que sexa necesario para o funcionamento do sistema ou cando se vexa obrigada por lei a facelo. Segundo Google, non almacenan a t\u00faa IP. Google Inc. \u00e9 unha compa\u00f1\u00eda adherida ao Acordo de Porto Seguro que garante que todos os datos transferidos ser\u00e1n tratados cun nivel de protecci\u00f3n acorde \u00e1 normativa europea. Podes consultar informaci\u00f3n detallada a este respecto nesta <a href=\"http:\/\/safeharbor.export.gov\/companyinfo.aspx?id=16626\" target=\"_blank\" rel=\"noopener noreferrer\">ligaz\u00f3n<\/a>. Se desexas informaci\u00f3n sobre o uso que Google d\u00e1 \u00e1s cookies, mira <a href=\"https:\/\/developers.google.com\/analytics\/devguides\/collection\/analyticsjs\/cookie-usage?hl=es&amp;csw=1\" target=\"_blank\" rel=\"noopener noreferrer\">estoutra ligaz\u00f3n<\/a>.<\/li>\n<li>Para calquera d\u00fabida ou consulta a prop\u00f3sito desta pol\u00edtica de <em>cookies<\/em> non dubides en comunicarte connosco por calquera das v\u00edas que aparecen na secci\u00f3n de contacto.<\/li>\n<\/ul>\n<p>Asesor de Cookies \u00e9 un <a href=\"http:\/\/wordpress.org\/plugins\/asesor-cookies-para-la-ley-en-espana\/\" target=\"_blank\" rel=\"noopener noreferrer\">plugin para WordPress<\/a>.<\/p>\n","protected":false},"excerpt":{"rendered":"<p>Pol\u00edtica de cookies Unha cookie \u00e9 un pequeno arquivo de texto que se almacena no teu navegador cuando visitas case calquera p\u00e1xina [&hellip;]<\/p>\n","protected":false},"author":5,"featured_media":0,"parent":0,"menu_order":0,"comment_status":"closed","ping_status":"closed","template":"","meta":{"footnotes":""},"class_list":["post-974","page","type-page","status-publish","hentry"],"jetpack_sharing_enabled":true,"_links":{"self":[{"href":"http:\/\/tecedeiras.gal\/index.php?rest_route=\/wp\/v2\/pages\/974","targetHints":{"allow":["GET"]}}],"collection":[{"href":"http:\/\/tecedeiras.gal\/index.php?rest_route=\/wp\/v2\/pages"}],"about":[{"href":"http:\/\/tecedeiras.gal\/index.php?rest_route=\/wp\/v2\/types\/page"}],"author":[{"embeddable":true,"href":"http:\/\/tecedeiras.gal\/index.php?rest_route=\/wp\/v2\/users\/5"}],"replies":[{"embeddable":true,"href":"http:\/\/tecedeiras.gal\/index.php?rest_route=%2Fwp%2Fv2%2Fcomments&post=974"}],"version-history":[{"count":2,"href":"http:\/\/tecedeiras.gal\/index.php?rest_route=\/wp\/v2\/pages\/974\/revisions"}],"predecessor-version":[{"id":978,"href":"http:\/\/tecedeiras.gal\/index.php?rest_route=\/wp\/v2\/pages\/974\/revisions\/978"}],"wp:attachment":[{"href":"http:\/\/tecedeiras.gal\/index.php?rest_route=%2Fwp%2Fv2%2Fmedia&parent=974"}],"curies":[{"name":"wp","href":"https:\/\/api.w.org\/{rel}","templated":true}]}}