{"id":800,"date":"2020-06-10T14:35:46","date_gmt":"2020-06-10T12:35:46","guid":{"rendered":"http:\/\/tecedeiras.gal\/?page_id=800"},"modified":"2020-06-15T13:40:02","modified_gmt":"2020-06-15T11:40:02","slug":"mario-regueira","status":"publish","type":"page","link":"http:\/\/tecedeiras.gal\/?page_id=800","title":{"rendered":"Mario Regueira"},"content":{"rendered":"\t\t<div data-elementor-type=\"wp-page\" data-elementor-id=\"800\" class=\"elementor elementor-800\">\n\t\t\t\t\t\t<section class=\"elementor-section elementor-top-section elementor-element elementor-element-969920f elementor-section-boxed elementor-section-height-default elementor-section-height-default\" data-id=\"969920f\" data-element_type=\"section\" data-e-type=\"section\">\n\t\t\t\t\t\t<div class=\"elementor-container elementor-column-gap-default\">\n\t\t\t\t\t<div class=\"elementor-column elementor-col-100 elementor-top-column elementor-element elementor-element-ded4959\" data-id=\"ded4959\" data-element_type=\"column\" data-e-type=\"column\">\n\t\t\t<div class=\"elementor-widget-wrap elementor-element-populated\">\n\t\t\t\t\t\t<div class=\"elementor-element elementor-element-f5716ee elementor-widget elementor-widget-image\" data-id=\"f5716ee\" data-element_type=\"widget\" data-e-type=\"widget\" data-widget_type=\"image.default\">\n\t\t\t\t<div class=\"elementor-widget-container\">\n\t\t\t\t\t\t\t\t\t\t\t\t\t\t\t<img fetchpriority=\"high\" decoding=\"async\" width=\"350\" height=\"350\" src=\"https:\/\/i0.wp.com\/tecedeiras.gal\/wp-content\/uploads\/2020\/06\/mario_4.jpg?fit=350%2C350\" class=\"attachment-large size-large wp-image-956\" alt=\"Mario Regueira\" srcset=\"https:\/\/i0.wp.com\/tecedeiras.gal\/wp-content\/uploads\/2020\/06\/mario_4.jpg?w=350 350w, https:\/\/i0.wp.com\/tecedeiras.gal\/wp-content\/uploads\/2020\/06\/mario_4.jpg?resize=300%2C300 300w, https:\/\/i0.wp.com\/tecedeiras.gal\/wp-content\/uploads\/2020\/06\/mario_4.jpg?resize=150%2C150 150w, https:\/\/i0.wp.com\/tecedeiras.gal\/wp-content\/uploads\/2020\/06\/mario_4.jpg?resize=230%2C230 230w\" sizes=\"(max-width: 350px) 100vw, 350px\" \/>\t\t\t\t\t\t\t\t\t\t\t\t\t\t\t<\/div>\n\t\t\t\t<\/div>\n\t\t\t\t<div class=\"elementor-element elementor-element-5dcf4d2 elementor-widget elementor-widget-text-editor\" data-id=\"5dcf4d2\" data-element_type=\"widget\" data-e-type=\"widget\" data-widget_type=\"text-editor.default\">\n\t\t\t\t<div class=\"elementor-widget-container\">\n\t\t\t\t\t\t\t\t\t<p><\/p><p>Con 21 anos abandonei a carreira de Dereito para dedicar a mi\u00f1a vida \u00e1 literatura. Desde ent\u00f3n, iniciei unha traxectoria como creador que destacou principalmente na poes\u00eda, \u00e1mbito no que recib\u00edn varios premios con libros como <i>Tanxerina<\/i>, <i>Blues da Crecente<\/i> ou <i>Marco Livorno<\/i>, ademais de figurar en distintas antolox\u00edas. At\u00e9 a data publiquei tam\u00e9n tres libros de narrativa, e recib\u00edn o Premio Lueiro Rey de Novela Curta con <i>Outono aqu\u00ed<\/i>, obra que foi traducida ao castel\u00e1n. A mi\u00f1a traxectoria atendeu paralelamente \u00e1 li\u00f1a acad\u00e9mica, son doutor en Teor\u00eda da Literatura, cunha tese sobre a literatura galega de posguerra que foi publicada no 2020, ademais de colaborar como cr\u00edtico en distintos medios xornal\u00edsticos.<\/p><p><\/p>\t\t\t\t\t\t\t\t<\/div>\n\t\t\t\t<\/div>\n\t\t\t\t<section class=\"elementor-section elementor-inner-section elementor-element elementor-element-b2fe981 elementor-section-boxed elementor-section-height-default elementor-section-height-default\" data-id=\"b2fe981\" data-element_type=\"section\" data-e-type=\"section\">\n\t\t\t\t\t\t<div class=\"elementor-container elementor-column-gap-default\">\n\t\t\t\t\t<div class=\"elementor-column elementor-col-25 elementor-inner-column elementor-element elementor-element-cd828ad\" data-id=\"cd828ad\" data-element_type=\"column\" data-e-type=\"column\">\n\t\t\t<div class=\"elementor-widget-wrap elementor-element-populated\">\n\t\t\t\t\t\t<div class=\"elementor-element elementor-element-255436d elementor-view-default elementor-widget elementor-widget-icon\" data-id=\"255436d\" data-element_type=\"widget\" data-e-type=\"widget\" data-widget_type=\"icon.default\">\n\t\t\t\t<div class=\"elementor-widget-container\">\n\t\t\t\t\t\t\t<div class=\"elementor-icon-wrapper\">\n\t\t\t<a class=\"elementor-icon\" href=\"https:\/\/www.facebook.com\/mario.regueira\">\n\t\t\t<i aria-hidden=\"true\" class=\"fab fa-facebook-f\"><\/i>\t\t\t<\/a>\n\t\t<\/div>\n\t\t\t\t\t\t<\/div>\n\t\t\t\t<\/div>\n\t\t\t\t\t<\/div>\n\t\t<\/div>\n\t\t\t\t<div class=\"elementor-column elementor-col-25 elementor-inner-column elementor-element elementor-element-a33e9ab\" data-id=\"a33e9ab\" data-element_type=\"column\" data-e-type=\"column\">\n\t\t\t<div class=\"elementor-widget-wrap elementor-element-populated\">\n\t\t\t\t\t\t<div class=\"elementor-element elementor-element-e6f186d elementor-view-default elementor-widget elementor-widget-icon\" data-id=\"e6f186d\" data-element_type=\"widget\" data-e-type=\"widget\" data-widget_type=\"icon.default\">\n\t\t\t\t<div class=\"elementor-widget-container\">\n\t\t\t\t\t\t\t<div class=\"elementor-icon-wrapper\">\n\t\t\t<a class=\"elementor-icon\" href=\"https:\/\/twitter.com\/marioregueira\">\n\t\t\t<i aria-hidden=\"true\" class=\"fab fa-twitter\"><\/i>\t\t\t<\/a>\n\t\t<\/div>\n\t\t\t\t\t\t<\/div>\n\t\t\t\t<\/div>\n\t\t\t\t\t<\/div>\n\t\t<\/div>\n\t\t\t\t<div class=\"elementor-column elementor-col-25 elementor-inner-column elementor-element elementor-element-bbf2e41\" data-id=\"bbf2e41\" data-element_type=\"column\" data-e-type=\"column\">\n\t\t\t<div class=\"elementor-widget-wrap elementor-element-populated\">\n\t\t\t\t\t\t<div class=\"elementor-element elementor-element-3c611a7 elementor-view-default elementor-widget elementor-widget-icon\" data-id=\"3c611a7\" data-element_type=\"widget\" data-e-type=\"widget\" data-widget_type=\"icon.default\">\n\t\t\t\t<div class=\"elementor-widget-container\">\n\t\t\t\t\t\t\t<div class=\"elementor-icon-wrapper\">\n\t\t\t<a class=\"elementor-icon\" href=\"https:\/\/instagram.com\/marioregueira.gal\">\n\t\t\t<i aria-hidden=\"true\" class=\"fab fa-instagram\"><\/i>\t\t\t<\/a>\n\t\t<\/div>\n\t\t\t\t\t\t<\/div>\n\t\t\t\t<\/div>\n\t\t\t\t\t<\/div>\n\t\t<\/div>\n\t\t\t\t<div class=\"elementor-column elementor-col-25 elementor-inner-column elementor-element elementor-element-8f56dac\" data-id=\"8f56dac\" data-element_type=\"column\" data-e-type=\"column\">\n\t\t\t<div class=\"elementor-widget-wrap elementor-element-populated\">\n\t\t\t\t\t\t<div class=\"elementor-element elementor-element-11a1b35 elementor-view-default elementor-widget elementor-widget-icon\" data-id=\"11a1b35\" data-element_type=\"widget\" data-e-type=\"widget\" data-widget_type=\"icon.default\">\n\t\t\t\t<div class=\"elementor-widget-container\">\n\t\t\t\t\t\t\t<div class=\"elementor-icon-wrapper\">\n\t\t\t<a class=\"elementor-icon\" href=\"http:\/\/marioregueira.gal\">\n\t\t\t<i aria-hidden=\"true\" class=\"fas fa-link\"><\/i>\t\t\t<\/a>\n\t\t<\/div>\n\t\t\t\t\t\t<\/div>\n\t\t\t\t<\/div>\n\t\t\t\t\t<\/div>\n\t\t<\/div>\n\t\t\t\t\t<\/div>\n\t\t<\/section>\n\t\t\t\t\t<\/div>\n\t\t<\/div>\n\t\t\t\t\t<\/div>\n\t\t<\/section>\n\t\t\t\t<\/div>\n\t\t","protected":false},"excerpt":{"rendered":"<p>Con 21 anos abandonei a carreira de Dereito para dedicar a mi\u00f1a vida \u00e1 literatura. Desde ent\u00f3n, iniciei unha traxectoria como creador [&hellip;]<\/p>\n","protected":false},"author":5,"featured_media":0,"parent":0,"menu_order":0,"comment_status":"closed","ping_status":"closed","template":"","meta":{"footnotes":""},"class_list":["post-800","page","type-page","status-publish","hentry"],"jetpack_sharing_enabled":true,"_links":{"self":[{"href":"http:\/\/tecedeiras.gal\/index.php?rest_route=\/wp\/v2\/pages\/800","targetHints":{"allow":["GET"]}}],"collection":[{"href":"http:\/\/tecedeiras.gal\/index.php?rest_route=\/wp\/v2\/pages"}],"about":[{"href":"http:\/\/tecedeiras.gal\/index.php?rest_route=\/wp\/v2\/types\/page"}],"author":[{"embeddable":true,"href":"http:\/\/tecedeiras.gal\/index.php?rest_route=\/wp\/v2\/users\/5"}],"replies":[{"embeddable":true,"href":"http:\/\/tecedeiras.gal\/index.php?rest_route=%2Fwp%2Fv2%2Fcomments&post=800"}],"version-history":[{"count":3,"href":"http:\/\/tecedeiras.gal\/index.php?rest_route=\/wp\/v2\/pages\/800\/revisions"}],"predecessor-version":[{"id":1040,"href":"http:\/\/tecedeiras.gal\/index.php?rest_route=\/wp\/v2\/pages\/800\/revisions\/1040"}],"wp:attachment":[{"href":"http:\/\/tecedeiras.gal\/index.php?rest_route=%2Fwp%2Fv2%2Fmedia&parent=800"}],"curies":[{"name":"wp","href":"https:\/\/api.w.org\/{rel}","templated":true}]}}