{"id":1566,"date":"2022-12-23T12:19:34","date_gmt":"2022-12-23T10:19:34","guid":{"rendered":"https:\/\/tecedeiras.gal\/?page_id=1566"},"modified":"2022-12-23T12:43:54","modified_gmt":"2022-12-23T10:43:54","slug":"neves-soutelo","status":"publish","type":"page","link":"http:\/\/tecedeiras.gal\/?page_id=1566","title":{"rendered":"Neves Soutelo"},"content":{"rendered":"\t\t<div data-elementor-type=\"wp-page\" data-elementor-id=\"1566\" class=\"elementor elementor-1566\">\n\t\t\t\t\t\t<section class=\"elementor-section elementor-top-section elementor-element elementor-element-f6526fb elementor-section-boxed elementor-section-height-default elementor-section-height-default\" data-id=\"f6526fb\" data-element_type=\"section\" data-e-type=\"section\">\n\t\t\t\t\t\t<div class=\"elementor-container elementor-column-gap-default\">\n\t\t\t\t\t<div class=\"elementor-column elementor-col-100 elementor-top-column elementor-element elementor-element-23720ef\" data-id=\"23720ef\" data-element_type=\"column\" data-e-type=\"column\">\n\t\t\t<div class=\"elementor-widget-wrap elementor-element-populated\">\n\t\t\t\t\t\t<div class=\"elementor-element elementor-element-669b00c elementor-widget elementor-widget-image\" data-id=\"669b00c\" data-element_type=\"widget\" data-e-type=\"widget\" data-widget_type=\"image.default\">\n\t\t\t\t<div class=\"elementor-widget-container\">\n\t\t\t\t\t\t\t\t\t\t\t\t\t\t\t<img fetchpriority=\"high\" decoding=\"async\" width=\"350\" height=\"350\" src=\"https:\/\/i0.wp.com\/tecedeiras.gal\/wp-content\/uploads\/2022\/12\/neves_1.jpg?fit=350%2C350\" class=\"attachment-large size-large wp-image-1565\" alt=\"\" srcset=\"https:\/\/i0.wp.com\/tecedeiras.gal\/wp-content\/uploads\/2022\/12\/neves_1.jpg?w=350 350w, https:\/\/i0.wp.com\/tecedeiras.gal\/wp-content\/uploads\/2022\/12\/neves_1.jpg?resize=300%2C300 300w, https:\/\/i0.wp.com\/tecedeiras.gal\/wp-content\/uploads\/2022\/12\/neves_1.jpg?resize=150%2C150 150w, https:\/\/i0.wp.com\/tecedeiras.gal\/wp-content\/uploads\/2022\/12\/neves_1.jpg?resize=230%2C230 230w\" sizes=\"(max-width: 350px) 100vw, 350px\" \/>\t\t\t\t\t\t\t\t\t\t\t\t\t\t\t<\/div>\n\t\t\t\t<\/div>\n\t\t\t\t<div class=\"elementor-element elementor-element-c6d2441 elementor-widget elementor-widget-text-editor\" data-id=\"c6d2441\" data-element_type=\"widget\" data-e-type=\"widget\" data-widget_type=\"text-editor.default\">\n\t\t\t\t<div class=\"elementor-widget-container\">\n\t\t\t\t\t\t\t\t\t<p><\/p>\n<p align=\"justify\"><span style=\"color: #010101;\"><span style=\"font-family: Times New Roman, serif;\"><span style=\"font-size: large;\">Dende que te\u00f1o memoria, sempre viaxan comigo un libro, un par de bol\u00edgrafos e un caderno.  E \u00e9 que quizais hai algo de premonitorio nisto de medrar nunha casa chea de libros cun xard\u00edn cheo de flores \u2013tal que na m\u00e1xima de A. Lang\u2013, co son acompasado dunha Refrey como banda sonora dos d\u00edas: puntada a puntada, constru\u00edase paseni\u00f1o o mundo arredor e a s\u00faa narrativa.<\/span><\/span><\/span><\/p>\n<p align=\"justify\"><span style=\"color: #010101;\"><span style=\"font-family: Times New Roman, serif;\"><span style=\"font-size: large;\">Escoll\u00edn a Historia como campo de estudos, e especialiceime en Paleograf\u00eda e Patrimonio bibliogr\u00e1fico e documental. Completei toda esa formaci\u00f3n co viol\u00edn nunha man e os manuais noutra; e coa Antropolox\u00eda.<\/span><\/span><\/span><\/p>\n<p align=\"justify\"><span style=\"color: #010101;\"><span style=\"font-family: Times New Roman, serif;\"><span style=\"font-size: large;\">En 2007, din certa orde a un feixe de poemas soltos ata compo\u00f1er un libro que foi galardoado co XX Premio de poes\u00eda Eusebio Lorenzo Baleir\u00f3n. Ao meu primeiro <i>C\u00f3digo po\u00e9tico<\/i> segu\u00edrono outros tres m\u00e1is: <i>Di\u00e1spora<\/i>, <i>Nestes d\u00edas<\/i> e <i>A boa filla<\/i>. No traxecto, convid\u00e1ronme a participar en diversas publicaci\u00f3ns nacionais e internacionais, en recitais de bar e en prensa.<\/span><\/span><\/span><\/p>\n<p align=\"justify\"><span style=\"color: #010101;\"><span style=\"font-family: Times New Roman, serif;\"><span style=\"font-size: large;\">En 2015, despois de pasar por moitos e moi diferentes empregos, achegueime con respecto \u00e1 dinamizaci\u00f3n cultural, aos clubs de lectura e aos obradoiros de escrita. Hoxe, xunto con todo o anterior, traballo como correctora editorial e formo parte do corpo docente de XeoHistoria no ensino p\u00fablico. No meu tempo libre, aprendo composici\u00f3n de maquetas con InDesign, leo r\u00e1pido e escribo amodo.<\/span><\/span><\/span><\/p>\n<p align=\"justify\"><span style=\"color: #010101;\"><span style=\"font-family: Times New Roman, serif;\"><span style=\"font-size: large;\">Porque sempre foi o libro.<\/span><\/span><\/span><\/p>\n<p align=\"justify\"><span style=\"color: #010101;\"><span style=\"font-family: Times New Roman, serif;\"><span style=\"font-size: large;\">Porque \u00e9 e ser\u00e1.<\/span><\/span><\/span><\/p>\t\t\t\t\t\t\t\t<\/div>\n\t\t\t\t<\/div>\n\t\t\t\t<section class=\"elementor-section elementor-inner-section elementor-element elementor-element-077d8b6 elementor-section-boxed elementor-section-height-default elementor-section-height-default\" data-id=\"077d8b6\" data-element_type=\"section\" data-e-type=\"section\">\n\t\t\t\t\t\t<div class=\"elementor-container elementor-column-gap-default\">\n\t\t\t\t\t<div class=\"elementor-column elementor-col-50 elementor-inner-column elementor-element elementor-element-4dc27e1\" data-id=\"4dc27e1\" data-element_type=\"column\" data-e-type=\"column\">\n\t\t\t<div class=\"elementor-widget-wrap elementor-element-populated\">\n\t\t\t\t\t\t<div class=\"elementor-element elementor-element-b300352 elementor-view-default elementor-widget elementor-widget-icon\" data-id=\"b300352\" data-element_type=\"widget\" data-e-type=\"widget\" data-widget_type=\"icon.default\">\n\t\t\t\t<div class=\"elementor-widget-container\">\n\t\t\t\t\t\t\t<div class=\"elementor-icon-wrapper\">\n\t\t\t<a class=\"elementor-icon\" href=\"https:\/\/www.linkedin.com\/in\/mn-soutelo\">\n\t\t\t<i aria-hidden=\"true\" class=\"fab fa-linkedin\"><\/i>\t\t\t<\/a>\n\t\t<\/div>\n\t\t\t\t\t\t<\/div>\n\t\t\t\t<\/div>\n\t\t\t\t\t<\/div>\n\t\t<\/div>\n\t\t\t\t<div class=\"elementor-column elementor-col-50 elementor-inner-column elementor-element elementor-element-6fe0b57\" data-id=\"6fe0b57\" data-element_type=\"column\" data-e-type=\"column\">\n\t\t\t<div class=\"elementor-widget-wrap elementor-element-populated\">\n\t\t\t\t\t\t<div class=\"elementor-element elementor-element-4a94530 elementor-view-default elementor-widget elementor-widget-icon\" data-id=\"4a94530\" data-element_type=\"widget\" data-e-type=\"widget\" data-widget_type=\"icon.default\">\n\t\t\t\t<div class=\"elementor-widget-container\">\n\t\t\t\t\t\t\t<div class=\"elementor-icon-wrapper\">\n\t\t\t<a class=\"elementor-icon\" href=\"https:\/\/www.instagram.com\/mn_soutelo.escritura\">\n\t\t\t<i aria-hidden=\"true\" class=\"fab fa-instagram\"><\/i>\t\t\t<\/a>\n\t\t<\/div>\n\t\t\t\t\t\t<\/div>\n\t\t\t\t<\/div>\n\t\t\t\t\t<\/div>\n\t\t<\/div>\n\t\t\t\t\t<\/div>\n\t\t<\/section>\n\t\t\t\t\t<\/div>\n\t\t<\/div>\n\t\t\t\t\t<\/div>\n\t\t<\/section>\n\t\t\t\t<\/div>\n\t\t","protected":false},"excerpt":{"rendered":"<p>Dende que te\u00f1o memoria, sempre viaxan comigo un libro, un par de bol\u00edgrafos e un caderno. E \u00e9 que quizais hai algo [&hellip;]<\/p>\n","protected":false},"author":5,"featured_media":0,"parent":0,"menu_order":0,"comment_status":"closed","ping_status":"closed","template":"","meta":{"footnotes":""},"class_list":["post-1566","page","type-page","status-publish","hentry"],"jetpack_sharing_enabled":true,"_links":{"self":[{"href":"http:\/\/tecedeiras.gal\/index.php?rest_route=\/wp\/v2\/pages\/1566","targetHints":{"allow":["GET"]}}],"collection":[{"href":"http:\/\/tecedeiras.gal\/index.php?rest_route=\/wp\/v2\/pages"}],"about":[{"href":"http:\/\/tecedeiras.gal\/index.php?rest_route=\/wp\/v2\/types\/page"}],"author":[{"embeddable":true,"href":"http:\/\/tecedeiras.gal\/index.php?rest_route=\/wp\/v2\/users\/5"}],"replies":[{"embeddable":true,"href":"http:\/\/tecedeiras.gal\/index.php?rest_route=%2Fwp%2Fv2%2Fcomments&post=1566"}],"version-history":[{"count":4,"href":"http:\/\/tecedeiras.gal\/index.php?rest_route=\/wp\/v2\/pages\/1566\/revisions"}],"predecessor-version":[{"id":1571,"href":"http:\/\/tecedeiras.gal\/index.php?rest_route=\/wp\/v2\/pages\/1566\/revisions\/1571"}],"wp:attachment":[{"href":"http:\/\/tecedeiras.gal\/index.php?rest_route=%2Fwp%2Fv2%2Fmedia&parent=1566"}],"curies":[{"name":"wp","href":"https:\/\/api.w.org\/{rel}","templated":true}]}}